{"id":24067,"date":"2025-07-20T11:09:26","date_gmt":"2025-07-20T09:09:26","guid":{"rendered":"https:\/\/hedgehogprogram.com\/participation\/"},"modified":"2026-05-10T23:30:37","modified_gmt":"2026-05-10T21:30:37","slug":"participation","status":"publish","type":"page","link":"https:\/\/www.hedgehogprogram.com\/fr\/participation\/","title":{"rendered":"Impliquez-vous"},"content":{"rendered":"\n<div class=\"wp-block-cover has-white-color has-text-color has-link-color wp-elements-ed67173a568fdab71bc6c5595ec67ba7\"><img loading=\"lazy\" decoding=\"async\" width=\"1024\" height=\"768\" class=\"wp-block-cover__image-background wp-image-27583 size-large\" alt=\"\" src=\"https:\/\/hedgehogprogram.com\/wp-content\/uploads\/2026\/05\/370225329_148425845022996_8338049426925051744_n-1024x768.jpg\" data-object-fit=\"cover\" srcset=\"https:\/\/www.hedgehogprogram.com\/wp-content\/uploads\/2026\/05\/370225329_148425845022996_8338049426925051744_n-1024x768.jpg 1024w, https:\/\/www.hedgehogprogram.com\/wp-content\/uploads\/2026\/05\/370225329_148425845022996_8338049426925051744_n-768x576.jpg 768w, https:\/\/www.hedgehogprogram.com\/wp-content\/uploads\/2026\/05\/370225329_148425845022996_8338049426925051744_n-1536x1152.jpg 1536w, https:\/\/www.hedgehogprogram.com\/wp-content\/uploads\/2026\/05\/370225329_148425845022996_8338049426925051744_n-2048x1536.jpg 2048w, https:\/\/www.hedgehogprogram.com\/wp-content\/uploads\/2026\/05\/370225329_148425845022996_8338049426925051744_n-600x450.jpg 600w, https:\/\/www.hedgehogprogram.com\/wp-content\/uploads\/2026\/05\/370225329_148425845022996_8338049426925051744_n-67x50.jpg 67w\" sizes=\"auto, (max-width: 1024px) 100vw, 1024px\" \/><span aria-hidden=\"true\" class=\"wp-block-cover__background has-ast-global-color-3-background-color has-background-dim-60 has-background-dim\"><\/span><div class=\"wp-block-cover__inner-container is-layout-constrained wp-block-cover-is-layout-constrained\">\n<div style=\"height:40px\" aria-hidden=\"true\" class=\"wp-block-spacer\"><\/div>\n\n\n\n<h1 class=\"wp-block-heading has-text-align-center has-white-color has-text-color has-link-color wp-elements-c1a6f888e9af6dd293add97f4d64ecd8\">Impliquez-vous<\/h1>\n\n\n\n<div style=\"height:20px\" aria-hidden=\"true\" class=\"wp-block-spacer\"><\/div>\n\n\n\n<p class=\"has-text-align-center\">Participez \u00e0 la conservation des h\u00e9rissons par des actions concr\u00e8tes, l&rsquo;apprentissage et le soutien de votre communaut\u00e9.<\/p>\n\n\n\n<p class=\"has-text-align-center\">Choisissez comment vous souhaitez contribuer et aider \u00e0 avoir un impact r\u00e9el sur la faune sauvage.<\/p>\n\n\n\n<div style=\"height:20px\" aria-hidden=\"true\" class=\"wp-block-spacer\"><\/div>\n\n\n\n<p class=\"has-text-align-center has-ast-global-color-7-color has-text-color has-link-color wp-elements-f45d43e97b61fee8d9213f4f7467eee9\"><em>Apprendre &#8211; Contribuer &#8211; Agir<\/em><\/p>\n\n\n\n<div style=\"height:40px\" aria-hidden=\"true\" class=\"wp-block-spacer\"><\/div>\n<\/div><\/div>\n\n<div class=\"wp-block-group alignfull has-white-background-color has-background is-layout-constrained wp-block-group-is-layout-constrained\">\n<div class=\"wp-block-columns is-layout-flex wp-container-core-columns-is-layout-28f84493 wp-block-columns-is-layout-flex\">\n<div class=\"wp-block-column is-layout-flow wp-block-column-is-layout-flow\" style=\"flex-basis:40%\">\n<figure class=\"wp-block-image size-large\"><img loading=\"lazy\" decoding=\"async\" width=\"1024\" height=\"731\" src=\"https:\/\/hedgehogprogram.com\/wp-content\/uploads\/2025\/07\/Erinaceus-roumanicus-1024x731.jpg\" alt=\"\" class=\"wp-image-21077\" style=\"aspect-ratio:4\/3;object-fit:cover\" srcset=\"https:\/\/www.hedgehogprogram.com\/wp-content\/uploads\/2025\/07\/Erinaceus-roumanicus-1024x731.jpg 1024w, https:\/\/www.hedgehogprogram.com\/wp-content\/uploads\/2025\/07\/Erinaceus-roumanicus-768x549.jpg 768w, https:\/\/www.hedgehogprogram.com\/wp-content\/uploads\/2025\/07\/Erinaceus-roumanicus-1536x1097.jpg 1536w, https:\/\/www.hedgehogprogram.com\/wp-content\/uploads\/2025\/07\/Erinaceus-roumanicus-2048x1463.jpg 2048w, https:\/\/www.hedgehogprogram.com\/wp-content\/uploads\/2025\/07\/Erinaceus-roumanicus-600x429.jpg 600w, https:\/\/www.hedgehogprogram.com\/wp-content\/uploads\/2025\/07\/Erinaceus-roumanicus-70x50.jpg 70w\" sizes=\"auto, (max-width: 1024px) 100vw, 1024px\" \/><\/figure>\n<\/div>\n\n\n\n<div class=\"wp-block-column is-layout-flow wp-block-column-is-layout-flow\" style=\"flex-basis:60%\">\n<h3 class=\"wp-block-heading\">Les petits gestes ont un impact r\u00e9el<\/h3>\n\n\n\n<p><strong>Il existe de nombreuses fa\u00e7ons de s&rsquo;impliquer dans la conservation des h\u00e9rissons, quel que soit votre niveau d&rsquo;exp\u00e9rience.<\/strong><\/p>\n\n\n\n<p>Vous pouvez apprendre gr\u00e2ce \u00e0 des cours, contribuer par le biais de la science citoyenne ou soutenir des projets pratiques.<\/p>\n\n\n\n<p>Chaque action contribue \u00e0 am\u00e9liorer la compr\u00e9hension, les soins et les r\u00e9sultats en mati\u00e8re de conservation.<\/p>\n<\/div>\n<\/div>\n<\/div>\n\n<p><\/p>\n","protected":false},"excerpt":{"rendered":"<p>Les petits gestes ont un impact r\u00e9el Il existe de nombreuses fa\u00e7ons de s&rsquo;impliquer dans la conservation des h\u00e9rissons, quel que soit votre niveau d&rsquo;exp\u00e9rience. Vous pouvez apprendre gr\u00e2ce \u00e0 des cours, contribuer par le biais de la science citoyenne ou soutenir des projets pratiques. Chaque action contribue \u00e0 am\u00e9liorer la compr\u00e9hension, les soins et [&hellip;]<\/p>\n","protected":false},"author":1,"featured_media":0,"parent":0,"menu_order":0,"comment_status":"closed","ping_status":"closed","template":"","meta":{"_monsterinsights_skip_tracking":false,"_monsterinsights_sitenote_active":false,"_monsterinsights_sitenote_note":"","_monsterinsights_sitenote_category":0,"site-sidebar-layout":"default","site-content-layout":"","ast-site-content-layout":"default","site-content-style":"default","site-sidebar-style":"default","ast-global-header-display":"","ast-banner-title-visibility":"","ast-main-header-display":"","ast-hfb-above-header-display":"","ast-hfb-below-header-display":"","ast-hfb-mobile-header-display":"","site-post-title":"","ast-breadcrumbs-content":"","ast-featured-img":"","footer-sml-layout":"","ast-disable-related-posts":"","theme-transparent-header-meta":"","adv-header-id-meta":"","stick-header-meta":"","header-above-stick-meta":"","header-main-stick-meta":"","header-below-stick-meta":"","astra-migrate-meta-layouts":"default","ast-page-background-enabled":"default","ast-page-background-meta":{"desktop":{"background-color":"var(--ast-global-color-4)","background-image":"","background-repeat":"repeat","background-position":"center center","background-size":"auto","background-attachment":"scroll","background-type":"","background-media":"","overlay-type":"","overlay-color":"","overlay-opacity":"","overlay-gradient":""},"tablet":{"background-color":"","background-image":"","background-repeat":"repeat","background-position":"center center","background-size":"auto","background-attachment":"scroll","background-type":"","background-media":"","overlay-type":"","overlay-color":"","overlay-opacity":"","overlay-gradient":""},"mobile":{"background-color":"","background-image":"","background-repeat":"repeat","background-position":"center center","background-size":"auto","background-attachment":"scroll","background-type":"","background-media":"","overlay-type":"","overlay-color":"","overlay-opacity":"","overlay-gradient":""}},"ast-content-background-meta":{"desktop":{"background-color":"var(--ast-global-color-5)","background-image":"","background-repeat":"repeat","background-position":"center center","background-size":"auto","background-attachment":"scroll","background-type":"","background-media":"","overlay-type":"","overlay-color":"","overlay-opacity":"","overlay-gradient":""},"tablet":{"background-color":"var(--ast-global-color-5)","background-image":"","background-repeat":"repeat","background-position":"center center","background-size":"auto","background-attachment":"scroll","background-type":"","background-media":"","overlay-type":"","overlay-color":"","overlay-opacity":"","overlay-gradient":""},"mobile":{"background-color":"var(--ast-global-color-5)","background-image":"","background-repeat":"repeat","background-position":"center center","background-size":"auto","background-attachment":"scroll","background-type":"","background-media":"","overlay-type":"","overlay-color":"","overlay-opacity":"","overlay-gradient":""}},"footnotes":""},"class_list":["post-24067","page","type-page","status-publish","hentry"],"yoast_head":"<!-- This site is optimized with the Yoast SEO plugin v27.5 - https:\/\/yoast.com\/product\/yoast-seo-wordpress\/ -->\n<title>Impliquez-vous &#187; Participez \u00e0 la conservation des h\u00e9rissons<\/title>\n<meta name=\"description\" content=\"Participez \u00e0 la conservation des h\u00e9rissons gr\u00e2ce \u00e0 des cours, des projets de sciences participatives et du b\u00e9n\u00e9volat. Apprenez, contribuez et soutenez des actions concr\u00e8tes en faveur de la protection de la faune sauvage.\" \/>\n<meta name=\"robots\" content=\"index, follow, max-snippet:-1, max-image-preview:large, max-video-preview:-1\" \/>\n<link rel=\"canonical\" href=\"https:\/\/www.hedgehogprogram.com\/fr\/participation\/\" \/>\n<meta property=\"og:locale\" content=\"fr_FR\" \/>\n<meta property=\"og:type\" content=\"article\" \/>\n<meta property=\"og:title\" content=\"Impliquez-vous &#187; Participez \u00e0 la conservation des h\u00e9rissons\" \/>\n<meta property=\"og:description\" content=\"Participez \u00e0 la conservation des h\u00e9rissons gr\u00e2ce \u00e0 des cours, des projets de sciences participatives et du b\u00e9n\u00e9volat. Apprenez, contribuez et soutenez des actions concr\u00e8tes en faveur de la protection de la faune sauvage.\" \/>\n<meta property=\"og:url\" content=\"https:\/\/www.hedgehogprogram.com\/fr\/participation\/\" \/>\n<meta property=\"og:site_name\" content=\"The Hedgehog Program\" \/>\n<meta property=\"article:publisher\" content=\"https:\/\/www.facebook.com\/hedgehogprogram\" \/>\n<meta property=\"article:modified_time\" content=\"2026-05-10T21:30:37+00:00\" \/>\n<meta property=\"og:image\" content=\"https:\/\/www.hedgehogprogram.com\/wp-content\/uploads\/2026\/05\/370225329_148425845022996_8338049426925051744_n-scaled.jpg\" \/>\n\t<meta property=\"og:image:width\" content=\"2560\" \/>\n\t<meta property=\"og:image:height\" content=\"1920\" \/>\n\t<meta property=\"og:image:type\" content=\"image\/jpeg\" \/>\n<meta name=\"twitter:card\" content=\"summary_large_image\" \/>\n<meta name=\"twitter:label1\" content=\"Dur\u00e9e de lecture estim\u00e9e\" \/>\n\t<meta name=\"twitter:data1\" content=\"1 minute\" \/>\n<script type=\"application\/ld+json\" class=\"yoast-schema-graph\">{\"@context\":\"https:\\\/\\\/schema.org\",\"@graph\":[{\"@type\":\"WebPage\",\"@id\":\"https:\\\/\\\/www.hedgehogprogram.com\\\/fr\\\/participation\\\/\",\"url\":\"https:\\\/\\\/www.hedgehogprogram.com\\\/fr\\\/participation\\\/\",\"name\":\"Impliquez-vous &#187; Participez \u00e0 la conservation des h\u00e9rissons\",\"isPartOf\":{\"@id\":\"https:\\\/\\\/hedgehogprogram.com\\\/de\\\/#website\"},\"primaryImageOfPage\":{\"@id\":\"https:\\\/\\\/www.hedgehogprogram.com\\\/fr\\\/participation\\\/#primaryimage\"},\"image\":{\"@id\":\"https:\\\/\\\/www.hedgehogprogram.com\\\/fr\\\/participation\\\/#primaryimage\"},\"thumbnailUrl\":\"https:\\\/\\\/hedgehogprogram.com\\\/wp-content\\\/uploads\\\/2026\\\/05\\\/370225329_148425845022996_8338049426925051744_n-1024x768.jpg\",\"datePublished\":\"2025-07-20T09:09:26+00:00\",\"dateModified\":\"2026-05-10T21:30:37+00:00\",\"description\":\"Participez \u00e0 la conservation des h\u00e9rissons gr\u00e2ce \u00e0 des cours, des projets de sciences participatives et du b\u00e9n\u00e9volat. Apprenez, contribuez et soutenez des actions concr\u00e8tes en faveur de la protection de la faune sauvage.\",\"breadcrumb\":{\"@id\":\"https:\\\/\\\/www.hedgehogprogram.com\\\/fr\\\/participation\\\/#breadcrumb\"},\"inLanguage\":\"fr-FR\",\"potentialAction\":[{\"@type\":\"ReadAction\",\"target\":[\"https:\\\/\\\/www.hedgehogprogram.com\\\/fr\\\/participation\\\/\"]}]},{\"@type\":\"ImageObject\",\"inLanguage\":\"fr-FR\",\"@id\":\"https:\\\/\\\/www.hedgehogprogram.com\\\/fr\\\/participation\\\/#primaryimage\",\"url\":\"https:\\\/\\\/hedgehogprogram.com\\\/wp-content\\\/uploads\\\/2026\\\/05\\\/370225329_148425845022996_8338049426925051744_n-1024x768.jpg\",\"contentUrl\":\"https:\\\/\\\/hedgehogprogram.com\\\/wp-content\\\/uploads\\\/2026\\\/05\\\/370225329_148425845022996_8338049426925051744_n-1024x768.jpg\"},{\"@type\":\"BreadcrumbList\",\"@id\":\"https:\\\/\\\/www.hedgehogprogram.com\\\/fr\\\/participation\\\/#breadcrumb\",\"itemListElement\":[{\"@type\":\"ListItem\",\"position\":1,\"name\":\"Home\",\"item\":\"https:\\\/\\\/hedgehogprogram.com\\\/fr\\\/\"},{\"@type\":\"ListItem\",\"position\":2,\"name\":\"Impliquez-vous\"}]},{\"@type\":\"WebSite\",\"@id\":\"https:\\\/\\\/hedgehogprogram.com\\\/de\\\/#website\",\"url\":\"https:\\\/\\\/hedgehogprogram.com\\\/de\\\/\",\"name\":\"The Hedgehog Program\",\"description\":\"The Hedgehog Program is an online platform of research and education about hedgehogs and tenrecs.\",\"publisher\":{\"@id\":\"https:\\\/\\\/hedgehogprogram.com\\\/de\\\/#organization\"},\"alternateName\":\"THP\",\"potentialAction\":[{\"@type\":\"SearchAction\",\"target\":{\"@type\":\"EntryPoint\",\"urlTemplate\":\"https:\\\/\\\/hedgehogprogram.com\\\/de\\\/?s={search_term_string}\"},\"query-input\":{\"@type\":\"PropertyValueSpecification\",\"valueRequired\":true,\"valueName\":\"search_term_string\"}}],\"inLanguage\":\"fr-FR\"},{\"@type\":\"Organization\",\"@id\":\"https:\\\/\\\/hedgehogprogram.com\\\/de\\\/#organization\",\"name\":\"The Hedgehog Program\",\"alternateName\":\"THP\",\"url\":\"https:\\\/\\\/hedgehogprogram.com\\\/de\\\/\",\"logo\":{\"@type\":\"ImageObject\",\"inLanguage\":\"fr-FR\",\"@id\":\"https:\\\/\\\/hedgehogprogram.com\\\/de\\\/#\\\/schema\\\/logo\\\/image\\\/\",\"url\":\"https:\\\/\\\/www.hedgehogprogram.com\\\/wp-content\\\/uploads\\\/2022\\\/11\\\/logo-klein.png\",\"contentUrl\":\"https:\\\/\\\/www.hedgehogprogram.com\\\/wp-content\\\/uploads\\\/2022\\\/11\\\/logo-klein.png\",\"width\":250,\"height\":125,\"caption\":\"The Hedgehog Program\"},\"image\":{\"@id\":\"https:\\\/\\\/hedgehogprogram.com\\\/de\\\/#\\\/schema\\\/logo\\\/image\\\/\"},\"sameAs\":[\"https:\\\/\\\/www.facebook.com\\\/hedgehogprogram\",\"https:\\\/\\\/www.linkedin.com\\\/company\\\/hedgehogprogram\\\/\",\"https:\\\/\\\/www.tiktok.com\\\/@hedgehogprogram\"]}]}<\/script>\n<!-- \/ Yoast SEO plugin. -->","yoast_head_json":{"title":"Impliquez-vous &#187; Participez \u00e0 la conservation des h\u00e9rissons","description":"Participez \u00e0 la conservation des h\u00e9rissons gr\u00e2ce \u00e0 des cours, des projets de sciences participatives et du b\u00e9n\u00e9volat. Apprenez, contribuez et soutenez des actions concr\u00e8tes en faveur de la protection de la faune sauvage.","robots":{"index":"index","follow":"follow","max-snippet":"max-snippet:-1","max-image-preview":"max-image-preview:large","max-video-preview":"max-video-preview:-1"},"canonical":"https:\/\/www.hedgehogprogram.com\/fr\/participation\/","og_locale":"fr_FR","og_type":"article","og_title":"Impliquez-vous &#187; Participez \u00e0 la conservation des h\u00e9rissons","og_description":"Participez \u00e0 la conservation des h\u00e9rissons gr\u00e2ce \u00e0 des cours, des projets de sciences participatives et du b\u00e9n\u00e9volat. Apprenez, contribuez et soutenez des actions concr\u00e8tes en faveur de la protection de la faune sauvage.","og_url":"https:\/\/www.hedgehogprogram.com\/fr\/participation\/","og_site_name":"The Hedgehog Program","article_publisher":"https:\/\/www.facebook.com\/hedgehogprogram","article_modified_time":"2026-05-10T21:30:37+00:00","og_image":[{"width":2560,"height":1920,"url":"https:\/\/www.hedgehogprogram.com\/wp-content\/uploads\/2026\/05\/370225329_148425845022996_8338049426925051744_n-scaled.jpg","type":"image\/jpeg"}],"twitter_card":"summary_large_image","twitter_misc":{"Dur\u00e9e de lecture estim\u00e9e":"1 minute"},"schema":{"@context":"https:\/\/schema.org","@graph":[{"@type":"WebPage","@id":"https:\/\/www.hedgehogprogram.com\/fr\/participation\/","url":"https:\/\/www.hedgehogprogram.com\/fr\/participation\/","name":"Impliquez-vous &#187; Participez \u00e0 la conservation des h\u00e9rissons","isPartOf":{"@id":"https:\/\/hedgehogprogram.com\/de\/#website"},"primaryImageOfPage":{"@id":"https:\/\/www.hedgehogprogram.com\/fr\/participation\/#primaryimage"},"image":{"@id":"https:\/\/www.hedgehogprogram.com\/fr\/participation\/#primaryimage"},"thumbnailUrl":"https:\/\/hedgehogprogram.com\/wp-content\/uploads\/2026\/05\/370225329_148425845022996_8338049426925051744_n-1024x768.jpg","datePublished":"2025-07-20T09:09:26+00:00","dateModified":"2026-05-10T21:30:37+00:00","description":"Participez \u00e0 la conservation des h\u00e9rissons gr\u00e2ce \u00e0 des cours, des projets de sciences participatives et du b\u00e9n\u00e9volat. Apprenez, contribuez et soutenez des actions concr\u00e8tes en faveur de la protection de la faune sauvage.","breadcrumb":{"@id":"https:\/\/www.hedgehogprogram.com\/fr\/participation\/#breadcrumb"},"inLanguage":"fr-FR","potentialAction":[{"@type":"ReadAction","target":["https:\/\/www.hedgehogprogram.com\/fr\/participation\/"]}]},{"@type":"ImageObject","inLanguage":"fr-FR","@id":"https:\/\/www.hedgehogprogram.com\/fr\/participation\/#primaryimage","url":"https:\/\/hedgehogprogram.com\/wp-content\/uploads\/2026\/05\/370225329_148425845022996_8338049426925051744_n-1024x768.jpg","contentUrl":"https:\/\/hedgehogprogram.com\/wp-content\/uploads\/2026\/05\/370225329_148425845022996_8338049426925051744_n-1024x768.jpg"},{"@type":"BreadcrumbList","@id":"https:\/\/www.hedgehogprogram.com\/fr\/participation\/#breadcrumb","itemListElement":[{"@type":"ListItem","position":1,"name":"Home","item":"https:\/\/hedgehogprogram.com\/fr\/"},{"@type":"ListItem","position":2,"name":"Impliquez-vous"}]},{"@type":"WebSite","@id":"https:\/\/hedgehogprogram.com\/de\/#website","url":"https:\/\/hedgehogprogram.com\/de\/","name":"The Hedgehog Program","description":"The Hedgehog Program is an online platform of research and education about hedgehogs and tenrecs.","publisher":{"@id":"https:\/\/hedgehogprogram.com\/de\/#organization"},"alternateName":"THP","potentialAction":[{"@type":"SearchAction","target":{"@type":"EntryPoint","urlTemplate":"https:\/\/hedgehogprogram.com\/de\/?s={search_term_string}"},"query-input":{"@type":"PropertyValueSpecification","valueRequired":true,"valueName":"search_term_string"}}],"inLanguage":"fr-FR"},{"@type":"Organization","@id":"https:\/\/hedgehogprogram.com\/de\/#organization","name":"The Hedgehog Program","alternateName":"THP","url":"https:\/\/hedgehogprogram.com\/de\/","logo":{"@type":"ImageObject","inLanguage":"fr-FR","@id":"https:\/\/hedgehogprogram.com\/de\/#\/schema\/logo\/image\/","url":"https:\/\/www.hedgehogprogram.com\/wp-content\/uploads\/2022\/11\/logo-klein.png","contentUrl":"https:\/\/www.hedgehogprogram.com\/wp-content\/uploads\/2022\/11\/logo-klein.png","width":250,"height":125,"caption":"The Hedgehog Program"},"image":{"@id":"https:\/\/hedgehogprogram.com\/de\/#\/schema\/logo\/image\/"},"sameAs":["https:\/\/www.facebook.com\/hedgehogprogram","https:\/\/www.linkedin.com\/company\/hedgehogprogram\/","https:\/\/www.tiktok.com\/@hedgehogprogram"]}]}},"_links":{"self":[{"href":"https:\/\/www.hedgehogprogram.com\/fr\/wp-json\/wp\/v2\/pages\/24067","targetHints":{"allow":["GET"]}}],"collection":[{"href":"https:\/\/www.hedgehogprogram.com\/fr\/wp-json\/wp\/v2\/pages"}],"about":[{"href":"https:\/\/www.hedgehogprogram.com\/fr\/wp-json\/wp\/v2\/types\/page"}],"author":[{"embeddable":true,"href":"https:\/\/www.hedgehogprogram.com\/fr\/wp-json\/wp\/v2\/users\/1"}],"replies":[{"embeddable":true,"href":"https:\/\/www.hedgehogprogram.com\/fr\/wp-json\/wp\/v2\/comments?post=24067"}],"version-history":[{"count":2,"href":"https:\/\/www.hedgehogprogram.com\/fr\/wp-json\/wp\/v2\/pages\/24067\/revisions"}],"predecessor-version":[{"id":27617,"href":"https:\/\/www.hedgehogprogram.com\/fr\/wp-json\/wp\/v2\/pages\/24067\/revisions\/27617"}],"wp:attachment":[{"href":"https:\/\/www.hedgehogprogram.com\/fr\/wp-json\/wp\/v2\/media?parent=24067"}],"curies":[{"name":"wp","href":"https:\/\/api.w.org\/{rel}","templated":true}]}}